{"id":39,"date":"2022-05-19T00:19:17","date_gmt":"2022-05-18T22:19:17","guid":{"rendered":"http:\/\/marlenaniestroj.pl\/?page_id=39"},"modified":"2023-06-01T14:08:41","modified_gmt":"2023-06-01T12:08:41","slug":"warsztaty","status":"publish","type":"page","link":"https:\/\/marlenaniestroj.pl\/en\/warsztaty\/","title":{"rendered":"WORKSHOPS"},"content":{"rendered":"<div class=\"wpb-content-wrapper\"><div data-vc-full-width=\"true\" data-vc-full-width-init=\"false\" data-vc-stretch-content=\"true\" class=\"vc_row wpb_row vc_row-fluid vc_custom_1597337911947 vc_row-has-padding-top vc_row-has-padding-left vc_row-has-padding-right vc_row-bg-position-top\"><div class=\"wpb_column vc_column_container vc_col-sm-12\"><div class=\"vc_column-inner vc_custom_1596562214700\"><div class=\"wpb_wrapper\"><div class=\"vc_tta-container\" data-vc-action=\"collapse\"><div class=\"vc_general vc_tta vc_tta-tabs vc_tta-color-blue vc_tta-style-outline vc_tta-shape-square vc_tta-spacing-1 vc_tta-tabs-position-top vc_tta-controls-align-left\"><div class=\"vc_tta-tabs-container\"><ul class=\"vc_tta-tabs-list\" role=\"tablist\"><li class=\"vc_tta-tab vc_active\" data-vc-tab role=\"presentation\"><a href=\"#1676566294078-e620b7fb-f05f\" data-vc-tabs data-vc-container=\".vc_tta\" role=\"tab\" aria-selected=\"false\" id=\"tab-1676566294078-e620b7fb-f05f\"><span class=\"vc_tta-title-text\">An offer<\/span><\/a><\/li><li class=\"vc_tta-tab\" data-vc-tab role=\"presentation\"><a href=\"#1676566294089-0dca860f-cc91\" data-vc-tabs data-vc-container=\".vc_tta\" role=\"tab\" aria-selected=\"false\" id=\"tab-1676566294089-0dca860f-cc91\"><span class=\"vc_tta-title-text\">Stationary classes<\/span><\/a><\/li><\/ul><\/div><div class=\"vc_tta-panels-container\"><div class=\"vc_tta-panels\"><div class=\"vc_tta-panel vc_active\" id=\"1676566294078-e620b7fb-f05f\" data-vc-content=\".vc_tta-panel-body\"><div class=\"vc_tta-panel-heading\"><h4 class=\"vc_tta-panel-title\"><a href=\"#1676566294078-e620b7fb-f05f\" data-vc-accordion data-vc-container=\".vc_tta-container\"><span class=\"vc_tta-title-text\">An offer<\/span><\/a><\/h4><\/div><div class=\"vc_tta-panel-body\"><div class=\"vc_empty_space\"   style=\"height: 32px\"><span class=\"vc_empty_space_inner\"><\/span><\/div>\n\t<div class=\"wpb_text_column wpb_content_element\" >\n\t\t<div class=\"wpb_wrapper\">\n\t\t\t\n<div class=\"tutor-wrap tutor-wrap-parent tutor-courses-wrap tutor-container course-archive-page\" data-tutor_courses_meta=\"{&quot;course_filter&quot;:false,&quot;supported_filters&quot;:{&quot;category&quot;:&quot;category&quot;},&quot;loop_content_only&quot;:false,&quot;column_per_row&quot;:&quot;4&quot;,&quot;course_per_page&quot;:12,&quot;show_pagination&quot;:false}\">\n\t\n\t<div class=\"tutor-row tutor-gx-xl-5\">\n\t\t\t\t\t<div class=\"tutor-col-12\">\n\t\t\t\t<div class=\"\">\n\t\t\t\t\t\n<!--\n\tNote: Do not remove tutor-course-filter attr. It required by _archive.js for filter function.\n!-->\n<div style=\"text-align: right;\" class=\"tutor-course-filter\" tutor-course-filter>\n\t<form style=\"display: inline-block;\" action=\"\">\n\t\t<select class=\"tutor-form-control tutor-form-select\" name=\"course_order\">\n\t\t\t<option value=\"newest_first\"  >\n\t\t\t\tRelease Date (newest first)\t\t\t<\/option>\n\t\t\t<option value=\"oldest_first\" >\n\t\t\t\tRelease Date (oldest first)\t\t\t<\/option>\n\t\t\t<option value=\"course_title_az\" >\n\t\t\t\tCourse Title (a-z)\t\t\t<\/option>\n\t\t\t<option value=\"course_title_za\" >\n\t\t\t\tCourse Title (z-a)\t\t\t<\/option>\n\t\t<\/select>\n\t<input type=\"hidden\" name=\"trp-form-language\" value=\"en\"\/><\/form>\n<\/div>\n<br\/>\n\t\t\t\t<\/div>\n\t\t\t\t<div class=\"tutor-pagination-wrapper-replaceable\" tutor-course-list-container>\n\t\t\t\t\t<div class=\"tutor-course-list tutor-grid tutor-grid-4\">\n<div class=\"tutor-card tutor-course-card\">\n\n<div class=\"tutor-course-thumbnail\">\n\t<a href=\"https:\/\/marlenaniestroj.pl\/en\/courses\/warsztaty-lekka-jak-piorko-stabilna-jak-dom11-marca-2023-godz-10-00-13-00\/\" class=\"tutor-d-block\">\n\t\t<div class=\"tutor-ratio tutor-ratio-16x9\">\n\t\t\t<img decoding=\"async\" class=\"tutor-card-image-top\" src=\"https:\/\/marlenaniestroj.pl\/wp-content\/uploads\/2023\/02\/Lekka-jak-piorko-42-\u00d7-60cm-42-\u00d7-30cm.jpg\" alt=\"Warsztaty  &#8220;Lekka jak pi\u00f3rko, stabilna jak dom&#8221;<br>11 marca 2023 godz. 13.00 -15.00\" loading=\"lazy\">\n\t\t<\/div>\n\t<\/a>\n\t<\/div>\n\n<div class=\"tutor-course-bookmark\">\n\t<a href=\"javascript:;\"  class=\"tutor-open-login-modal save-bookmark-btn tutor-iconic-btn tutor-iconic-btn-secondary\" data-course-id=\"10085\">\n            <i class=\"tutor-icon-bookmark-line\"><\/i>\n        <\/a><\/div>\n\n<div class=\"tutor-card-body\">\n\n<div class=\"tutor-course-ratings tutor-mb-8\">\n\t\t<div class=\"tutor-ratings\">\n\t\t<div class=\"tutor-ratings-stars\">\n\t\t\t<span class=\"tutor-icon-star-line\" data-rating-value=\"1\"><\/span><span class=\"tutor-icon-star-line\" data-rating-value=\"2\"><\/span><span class=\"tutor-icon-star-line\" data-rating-value=\"3\"><\/span><span class=\"tutor-icon-star-line\" data-rating-value=\"4\"><\/span><span class=\"tutor-icon-star-line\" data-rating-value=\"5\"><\/span>\t\t<\/div>\n\n\t\t\t<\/div>\n\t<\/div>\n\n<h3 class=\"tutor-course-name tutor-fs-5 tutor-fw-medium\" title=\"Warsztaty  &ldquo;Lekka jak pi&oacute;rko, stabilna jak dom&rdquo;&lt;br&gt;11 marca 2023 godz. 13.00 -15.00\">\n\t<a href=\"https:\/\/marlenaniestroj.pl\/en\/courses\/warsztaty-lekka-jak-piorko-stabilna-jak-dom11-marca-2023-godz-10-00-13-00\/\">Warsztaty  &#8220;Lekka jak pi\u00f3rko, stabilna jak dom&#8221;<br>11 marca 2023 godz. 13.00 -15.00<\/a>\n<\/h3>\n\n<div class=\"tutor-meta tutor-mt-12 tutor-mb-20\">\n\t\t\t<div>\n\t\t\t<span class=\"tutor-meta-icon tutor-icon-user-line\" area-hidden=\"true\"><\/span>\n\t\t\t<span class=\"tutor-meta-value\">0<\/span>\n\t\t<\/div>\n\t\n\t\t\t<div>\n\t\t\t<span class=\"tutor-icon-clock-line tutor-meta-icon\" area-hidden=\"true\"><\/span>\n\t\t\t<span class=\"tutor-meta-value\">\n\t\t\t\t 2h\t\t\t<\/span>\n\t\t<\/div>\n\t<\/div>\n\n<div class=\"tutor-meta tutor-mt-auto\">\n\t<div>\n\t\t<a href=\"https:\/\/marlenaniestroj.pl\/en\/profile\/marlena?view=instructor\" class=\"tutor-d-flex\">\n\t\t\t<div class=\"tutor-avatar\"><div class=\"tutor-ratio tutor-ratio-1x1\"><img decoding=\"async\" src=\"https:\/\/marlenaniestroj.pl\/wp-content\/uploads\/2023\/01\/1ff70bc9f88e83e20797603f40cc0084-kopia-150x150.jpeg\" alt=\"Marlena Niestr\u00f3j\" \/> <\/div><\/div>\t\t<\/a>\n\t<\/div>\n\n\t<div>\n\t\tBy\t\t<a href=\"https:\/\/marlenaniestroj.pl\/en\/profile\/marlena?view=instructor\">Marlena Niestr\u00f3j<\/a>\n\n\t\t\t\t\tIn\t\t\t<a href=\"https:\/\/marlenaniestroj.pl\/en\/course-category\/joga\/?tutor-course-filter-category=64\">YOGA<\/a>, <a href=\"https:\/\/marlenaniestroj.pl\/en\/course-category\/oddech\/?tutor-course-filter-category=67\">Oddech<\/a>, <a href=\"https:\/\/marlenaniestroj.pl\/en\/course-category\/pewnosc-siebie\/?tutor-course-filter-category=70\">Pewno\u015b\u0107 Siebie<\/a>, <a href=\"https:\/\/marlenaniestroj.pl\/en\/course-category\/relaksacyjne\/?tutor-course-filter-category=75\">Relaksacyjne<\/a>, <a href=\"https:\/\/marlenaniestroj.pl\/en\/course-category\/rozwoj-osobisty\/?tutor-course-filter-category=73\">Rozw\u00f3j osobisty<\/a>, <a href=\"https:\/\/marlenaniestroj.pl\/en\/course-category\/rytmika\/?tutor-course-filter-category=68\">Rytmika<\/a>, <a href=\"https:\/\/marlenaniestroj.pl\/en\/course-category\/taneczny\/?tutor-course-filter-category=74\">Taneczny<\/a>, <a href=\"https:\/\/marlenaniestroj.pl\/en\/course-category\/warsztaty-dla-kobiet\/?tutor-course-filter-category=62\">Warsztaty dla Kobiet<\/a>\t\t\t<\/div>\n<\/div>\n\n<\/div>\n\n<div class=\"tutor-card-footer\">\n\t<div class=\"tutor-course-list-btn\"><a href=\"https:\/\/marlenaniestroj.pl\/en\/courses\/warsztaty-lekka-jak-piorko-stabilna-jak-dom11-marca-2023-godz-10-00-13-00\/\" class=\"tutor-btn tutor-btn-outline-primary tutor-btn-md tutor-btn-block tutor-open-login-modal\">Enroll Course<\/a><\/div>\t<\/div>\n<\/div>\n<div class=\"tutor-card tutor-course-card\">\n\n<div class=\"tutor-course-thumbnail\">\n\t<a href=\"https:\/\/marlenaniestroj.pl\/en\/courses\/warsztaty-lekka-jak-piorko-stabilna-jak-dom11-marca-2023-godz-10-00-13-00\/\" class=\"tutor-d-block\">\n\t\t<div class=\"tutor-ratio tutor-ratio-16x9\">\n\t\t\t<img decoding=\"async\" class=\"tutor-card-image-top\" src=\"https:\/\/marlenaniestroj.pl\/wp-content\/uploads\/2023\/02\/Lekka-jak-piorko-42-\u00d7-60cm-42-\u00d7-30cm.jpg\" alt=\"Warsztaty  &#8220;Lekka jak pi\u00f3rko, stabilna jak dom&#8221;<br>11 marca 2023 godz. 13.00 -15.00\" loading=\"lazy\">\n\t\t<\/div>\n\t<\/a>\n\t<\/div>\n\n<div class=\"tutor-course-bookmark\">\n\t<a href=\"javascript:;\"  class=\"tutor-open-login-modal save-bookmark-btn tutor-iconic-btn tutor-iconic-btn-secondary\" data-course-id=\"10085\">\n            <i class=\"tutor-icon-bookmark-line\"><\/i>\n        <\/a><\/div>\n\n<div class=\"tutor-card-body\">\n\n<div class=\"tutor-course-ratings tutor-mb-8\">\n\t\t<div class=\"tutor-ratings\">\n\t\t<div class=\"tutor-ratings-stars\">\n\t\t\t<span class=\"tutor-icon-star-line\" data-rating-value=\"1\"><\/span><span class=\"tutor-icon-star-line\" data-rating-value=\"2\"><\/span><span class=\"tutor-icon-star-line\" data-rating-value=\"3\"><\/span><span class=\"tutor-icon-star-line\" data-rating-value=\"4\"><\/span><span class=\"tutor-icon-star-line\" data-rating-value=\"5\"><\/span>\t\t<\/div>\n\n\t\t\t<\/div>\n\t<\/div>\n\n<h3 class=\"tutor-course-name tutor-fs-5 tutor-fw-medium\" title=\"Warsztaty  &ldquo;Lekka jak pi&oacute;rko, stabilna jak dom&rdquo;&lt;br&gt;11 marca 2023 godz. 13.00 -15.00\">\n\t<a href=\"https:\/\/marlenaniestroj.pl\/en\/courses\/warsztaty-lekka-jak-piorko-stabilna-jak-dom11-marca-2023-godz-10-00-13-00\/\">Warsztaty  &#8220;Lekka jak pi\u00f3rko, stabilna jak dom&#8221;<br>11 marca 2023 godz. 13.00 -15.00<\/a>\n<\/h3>\n\n<div class=\"tutor-meta tutor-mt-12 tutor-mb-20\">\n\t\t\t<div>\n\t\t\t<span class=\"tutor-meta-icon tutor-icon-user-line\" area-hidden=\"true\"><\/span>\n\t\t\t<span class=\"tutor-meta-value\">0<\/span>\n\t\t<\/div>\n\t\n\t\t\t<div>\n\t\t\t<span class=\"tutor-icon-clock-line tutor-meta-icon\" area-hidden=\"true\"><\/span>\n\t\t\t<span class=\"tutor-meta-value\">\n\t\t\t\t 2h\t\t\t<\/span>\n\t\t<\/div>\n\t<\/div>\n\n<div class=\"tutor-meta tutor-mt-auto\">\n\t<div>\n\t\t<a href=\"https:\/\/marlenaniestroj.pl\/en\/profile\/marlena?view=instructor\" class=\"tutor-d-flex\">\n\t\t\t<div class=\"tutor-avatar\"><div class=\"tutor-ratio tutor-ratio-1x1\"><img decoding=\"async\" src=\"https:\/\/marlenaniestroj.pl\/wp-content\/uploads\/2023\/01\/1ff70bc9f88e83e20797603f40cc0084-kopia-150x150.jpeg\" alt=\"Marlena Niestr\u00f3j\" \/> <\/div><\/div>\t\t<\/a>\n\t<\/div>\n\n\t<div>\n\t\tBy\t\t<a href=\"https:\/\/marlenaniestroj.pl\/en\/profile\/marlena?view=instructor\">Marlena Niestr\u00f3j<\/a>\n\n\t\t\t\t\tIn\t\t\t<a href=\"https:\/\/marlenaniestroj.pl\/en\/course-category\/joga\/?tutor-course-filter-category=64\">YOGA<\/a>, <a href=\"https:\/\/marlenaniestroj.pl\/en\/course-category\/oddech\/?tutor-course-filter-category=67\">Oddech<\/a>, <a href=\"https:\/\/marlenaniestroj.pl\/en\/course-category\/pewnosc-siebie\/?tutor-course-filter-category=70\">Pewno\u015b\u0107 Siebie<\/a>, <a href=\"https:\/\/marlenaniestroj.pl\/en\/course-category\/relaksacyjne\/?tutor-course-filter-category=75\">Relaksacyjne<\/a>, <a href=\"https:\/\/marlenaniestroj.pl\/en\/course-category\/rozwoj-osobisty\/?tutor-course-filter-category=73\">Rozw\u00f3j osobisty<\/a>, <a href=\"https:\/\/marlenaniestroj.pl\/en\/course-category\/rytmika\/?tutor-course-filter-category=68\">Rytmika<\/a>, <a href=\"https:\/\/marlenaniestroj.pl\/en\/course-category\/taneczny\/?tutor-course-filter-category=74\">Taneczny<\/a>, <a href=\"https:\/\/marlenaniestroj.pl\/en\/course-category\/warsztaty-dla-kobiet\/?tutor-course-filter-category=62\">Warsztaty dla Kobiet<\/a>\t\t\t<\/div>\n<\/div>\n\n<\/div>\n\n<div class=\"tutor-card-footer\">\n\t<div class=\"tutor-course-list-btn\"><a href=\"https:\/\/marlenaniestroj.pl\/en\/courses\/warsztaty-lekka-jak-piorko-stabilna-jak-dom11-marca-2023-godz-10-00-13-00\/\" class=\"tutor-btn tutor-btn-outline-primary tutor-btn-md tutor-btn-block tutor-open-login-modal\">Enroll Course<\/a><\/div>\t<\/div>\n<\/div>\n<\/div>\n\t\t\t\t<\/div>\n\t\t\t<\/div>\n\t\t\t<\/div>\n<\/div>\n\n\n\n<div class=\"tutor-modal tutor-login-modal\">\n\t<div class=\"tutor-modal-overlay\"><\/div>\n\t<div class=\"tutor-modal-window tutor-modal-window-sm\">\n\t\t<div class=\"tutor-modal-content tutor-modal-content-white\">\n\t\t\t<button class=\"tutor-iconic-btn tutor-modal-close-o\" data-tutor-modal-close>\n\t\t\t\t<span class=\"tutor-icon-times\" area-hidden=\"true\"><\/span>\n\t\t\t<\/button>\n\n\t\t\t<div class=\"tutor-modal-body\">\n\t\t\t\t<div class=\"tutor-py-48\">\n\t\t\t\t\t\t\t\t\t\t<div class=\"tutor-fs-4 tutor-fw-medium tutor-color-black tutor-mb-32\">Hi, Welcome back!<\/div>\n\t\t\t\t\t<form id=\"tutor-login-form\" method=\"post\" action=\"\">\n\t\t<input type=\"hidden\" id=\"_tutor_nonce\" name=\"_tutor_nonce\" value=\"8028c2787b\" \/><input type=\"hidden\" name=\"_wp_http_referer\" value=\"\/en\/wp-json\/wp\/v2\/pages\/39\" \/>\t<input type=\"hidden\" name=\"tutor_action\" value=\"tutor_user_login\" \/>\n\t<input type=\"hidden\" name=\"redirect_to\" value=\"https:\/\/marlenaniestroj.pl\/en\/wp-json\/wp\/v2\/pages\/39\" \/>\n\n\t<div class=\"tutor-mb-20\">\n\t\t<input type=\"text\" class=\"tutor-form-control\" placeholder=\"Username or Email Address\" name=\"log\" value=\"\" size=\"20\" required>\n\t<\/div>\n\n\t<div class=\"tutor-mb-32\">\n\t\t<input type=\"password\" class=\"tutor-form-control\" placeholder=\"Password\" name=\"pwd\" value=\"\" size=\"20\" required>\n\t<\/div>\n\n\t<div class=\"tutor-login-error\"><\/div>\n\t\t\t<input type=\"hidden\" name=\"timezone\" value=\"Europe\/Warsaw\" \/>\n\t\t<script>\n\t\t\tdocument.addEventListener('DOMContentLoaded', function() {\n\t\t\t\tconst timezone = document.querySelector('input[name=\"timezone\"]');\n\t\t\t\tif ( timezone) {\n\t\t\t\t\tconst tz = Intl.DateTimeFormat().resolvedOptions().timeZone;\n\t\t\t\t\ttimezone.value = tz\n\t\t\t\t}\n\t\t\t});\n\t\t<\/script>\n\t\t\t<div class=\"tutor-d-flex tutor-justify-between tutor-align-center tutor-mb-40\">\n\t\t<div class=\"tutor-form-check\">\n\t\t\t<input id=\"tutor-login-agmnt-1\" type=\"checkbox\" class=\"tutor-form-check-input tutor-bg-black-40\" name=\"rememberme\" value=\"forever\" \/>\n\t\t\t<label for=\"tutor-login-agmnt-1\" class=\"tutor-fs-7 tutor-color-muted\">\n\t\t\t\tKeep me signed in\t\t\t<\/label>\n\t\t<\/div>\n\t\t<a href=\"https:\/\/marlenaniestroj.pl\/en\/kokpit\/retrieve-password\" class=\"tutor-btn tutor-btn-ghost\">\n\t\t\tForgot Password?\t\t<\/a>\n\t<\/div>\n\n\t\t<button type=\"submit\" class=\"tutor-btn tutor-btn-primary tutor-btn-block\">\n\t\tSign In\t<\/button>\n\t\n\t\t\t\t\t<div class=\"tutor-text-center tutor-fs-6 tutor-color-secondary tutor-mt-20\">\n\t\t\tDon&#039;t have an account?&nbsp;\n\t\t\t<a href=\"https:\/\/marlenaniestroj.pl\/en\/realizacje\/rejestracja-studenta\/?redirect_to=https:\/\/marlenaniestroj.pl\/en\/wp-json\/wp\/v2\/pages\/39\" class=\"tutor-btn tutor-btn-link\">\n\t\t\t\tRegister Now\t\t\t<\/a>\n\t\t<\/div>\n\t\t<input type=\"hidden\" name=\"trp-form-language\" value=\"en\"\/><\/form>\n<script>\n\tdocument.addEventListener('DOMContentLoaded', function() {\n\t\tvar { __ } = wp.i18n;\n\t\tvar loginModal = document.querySelector('.tutor-modal.tutor-login-modal');\n\t\tvar errors = [];\n\t\tif (loginModal && errors.length) {\n\t\t\tloginModal.classList.add('tutor-is-active');\n\t\t}\n\t});\n<\/script>\n\n\t\t\t\t\t\t\t\t\t<\/div>\n\t\t\t\t\t\t\t<\/div>\n\t\t<\/div>\n\t<\/div>\n<\/div>\n\n\n\t\t<\/div>\n\t<\/div>\n<\/div><\/div><div class=\"vc_tta-panel\" id=\"1676566294089-0dca860f-cc91\" data-vc-content=\".vc_tta-panel-body\"><div class=\"vc_tta-panel-heading\"><h4 class=\"vc_tta-panel-title\"><a href=\"#1676566294089-0dca860f-cc91\" data-vc-accordion data-vc-container=\".vc_tta-container\"><span class=\"vc_tta-title-text\">Stationary classes<\/span><\/a><\/h4><\/div><div class=\"vc_tta-panel-body\"><div class=\"vc_empty_space\"   style=\"height: 32px\"><span class=\"vc_empty_space_inner\"><\/span><\/div>\n<div class=\"vc_grid-container-wrapper vc_clearfix\">\n\t<div class=\"vc_grid-container vc_clearfix wpb_content_element vc_masonry_grid\" data-initial-loading-animation=\"zoomIn\" data-vc-grid-settings=\"{&quot;page_id&quot;:10085,&quot;style&quot;:&quot;lazy-masonry&quot;,&quot;action&quot;:&quot;vc_get_vc_grid_data&quot;,&quot;shortcode_id&quot;:&quot;1685621214609-6e466f03-d656-4&quot;,&quot;items_per_page&quot;:&quot;4&quot;,&quot;tag&quot;:&quot;vc_masonry_grid&quot;}\" data-vc-request=\"https:\/\/marlenaniestroj.pl\/wp-admin\/admin-ajax.php\" data-vc-post-id=\"10085\" data-vc-public-nonce=\"d88e848503\">\n\t\t\n\t<\/div>\n<\/div><\/div><\/div><\/div><\/div><\/div><\/div><\/div><\/div><\/div><\/div><div class=\"vc_row-full-width vc_clearfix\"><\/div>\n<\/div>","protected":false},"excerpt":{"rendered":"Gdy p\u0119dzimy, mo\u017cemy nie dostrzec, \u017ce mamy na plecach gromad\u0119 gapowicz\u00f3w, kt\u00f3rzy \u015bwietnie si\u0119 bawi\u0105 darmow\u0105 podw\u00f3zk\u0105. A my poganiani [...]","protected":false},"author":2,"featured_media":10159,"parent":0,"menu_order":0,"comment_status":"closed","ping_status":"closed","template":"","meta":{"footnotes":""},"class_list":["post-39","page","type-page","status-publish","has-post-thumbnail","hentry"],"_links":{"self":[{"href":"https:\/\/marlenaniestroj.pl\/en\/wp-json\/wp\/v2\/pages\/39","targetHints":{"allow":["GET"]}}],"collection":[{"href":"https:\/\/marlenaniestroj.pl\/en\/wp-json\/wp\/v2\/pages"}],"about":[{"href":"https:\/\/marlenaniestroj.pl\/en\/wp-json\/wp\/v2\/types\/page"}],"author":[{"embeddable":true,"href":"https:\/\/marlenaniestroj.pl\/en\/wp-json\/wp\/v2\/users\/2"}],"replies":[{"embeddable":true,"href":"https:\/\/marlenaniestroj.pl\/en\/wp-json\/wp\/v2\/comments?post=39"}],"version-history":[{"count":0,"href":"https:\/\/marlenaniestroj.pl\/en\/wp-json\/wp\/v2\/pages\/39\/revisions"}],"wp:featuredmedia":[{"embeddable":true,"href":"https:\/\/marlenaniestroj.pl\/en\/wp-json\/wp\/v2\/media\/10159"}],"wp:attachment":[{"href":"https:\/\/marlenaniestroj.pl\/en\/wp-json\/wp\/v2\/media?parent=39"}],"curies":[{"name":"wp","href":"https:\/\/api.w.org\/{rel}","templated":true}]}}